{"id":2310,"date":"2016-06-15T20:33:53","date_gmt":"2016-06-15T17:33:53","guid":{"rendered":"http:\/\/oykunhotel.com\/?page_id=2310"},"modified":"2017-02-20T09:59:50","modified_gmt":"2017-02-20T07:59:50","slug":"rezervasyon","status":"publish","type":"page","link":"https:\/\/oykunhotel.com\/?page_id=2310&lang=tr","title":{"rendered":"Rezervasyon"},"content":{"rendered":"<div class=\"fusion-fullwidth fullwidth-box fusion-builder-row-1 nonhundred-percent-fullwidth non-hundred-percent-height-scrolling\" style=\"background-color: #f4f6f8;background-position: left top;background-repeat: no-repeat;padding-top:50px;padding-right:0px;padding-bottom:50px;padding-left:0px;margin-bottom: 0px;margin-top: 0px;border-width: 0px 0px 0px 0px;border-color:#eae9e9;border-style:solid;\" ><div class=\"fusion-builder-row fusion-row\"><div class=\"fusion-layout-column fusion_builder_column fusion-builder-column-0 fusion_builder_column_1_2 1_2 fusion-one-half fusion-column-first\" style=\"width:48%; margin-right: 4%;margin-top:0px;margin-bottom:20px;\"><div class=\"fusion-column-wrapper fusion-flex-column-wrapper-legacy\" style=\"background-position:left top;background-repeat:no-repeat;-webkit-background-size:cover;-moz-background-size:cover;-o-background-size:cover;background-size:cover;padding: 0px 0px 0px 0px;\"><div class=\"fusion-text fusion-text-1\"><h3 style=\"text-align: center;\"><\/h3>\n<h3 style=\"text-align: center;\">Email adresinizi yazd\u00c4\u00b1ktan sonra l\u00c3\u00bctfen kontrol ediniz. Genellikle 12 saat i\u00c3\u00a7erisinde mailinize cevap vermekteyiz. Email inize cevap almad\u00c4\u00b1\u00c4\u0178\u00c4\u00b1n\u00c4\u00b1z takdirde l\u00c3\u00bctfen bizimle <a href=\"\/?page_id=2306&amp;lang=tr\">ileti\u00c5\u0178ime<\/a> ge\u00c3\u00a7iniz.<\/h3>\n<h3 style=\"text-align: center;\">Te\u00c5\u0178ekk\u00c3\u00bcrler<\/h3>\n<\/div><div class=\"fusion-text fusion-text-2\"><p style=\"text-align: center;\"><strong>Adres: 1000 Sokak, \u00c3\u2021al\u00c4\u00b1\u00c5\u0178 Plaj\u00c4\u00b1 Fethiye\/MU\u00c4\u017eLA 48300 T\u00c3\u0153RK\u00c4\u00b0YE<\/strong><br \/>\n<strong>Telefon: +90 252 613 3111 \u00e2\u20ac\u201c 613 3112<\/strong><strong><span style=\"line-height: 1.5;\"><br \/>\n<\/span><span style=\"line-height: 1.5;\">Mail: <\/span><a style=\"line-height: 1.5;\" href=\"mailto:info@oykunhotel.com\">info@oykunhotel.com<\/a><\/strong><\/p>\n<\/div><div class=\"fusion-clearfix\"><\/div><\/div><\/div><div class=\"fusion-layout-column fusion_builder_column fusion-builder-column-1 fusion_builder_column_1_2 1_2 fusion-one-half fusion-column-last\" style=\"width:48%;margin-top:0px;margin-bottom:20px;\"><div class=\"fusion-column-wrapper fusion-flex-column-wrapper-legacy\" style=\"background-position:left top;background-repeat:no-repeat;-webkit-background-size:cover;-moz-background-size:cover;-o-background-size:cover;background-size:cover;padding: 0px 0px 0px 0px;\"><div role=\"form\" class=\"wpcf7\" id=\"wpcf7-f2386-o1\" lang=\"en-US\" dir=\"ltr\">\n<div class=\"screen-reader-response\"><p role=\"status\" aria-live=\"polite\" aria-atomic=\"true\"><\/p> <ul><\/ul><\/div>\n<form action=\"\/index.php?rest_route=%2Fwp%2Fv2%2Fpages%2F2310#wpcf7-f2386-o1\" method=\"post\" class=\"wpcf7-form init\" novalidate=\"novalidate\" data-status=\"init\">\n<div style=\"display: none;\">\n<input type=\"hidden\" name=\"_wpcf7\" value=\"2386\" \/>\n<input type=\"hidden\" name=\"_wpcf7_version\" value=\"5.6.1\" \/>\n<input type=\"hidden\" name=\"_wpcf7_locale\" value=\"en_US\" \/>\n<input type=\"hidden\" name=\"_wpcf7_unit_tag\" value=\"wpcf7-f2386-o1\" \/>\n<input type=\"hidden\" name=\"_wpcf7_container_post\" value=\"0\" \/>\n<input type=\"hidden\" name=\"_wpcf7_posted_data_hash\" value=\"\" \/>\n<input type=\"hidden\" name=\"_wpcf7_recaptcha_response\" value=\"\" \/>\n<\/div>\n<div class=\"fusion-one-half fusion-layout-column fusion-spacing-yes\">Ad-Soyad<span class=\"wpcf7-form-control-wrap\" data-name=\"your-name\"><input type=\"text\" name=\"your-name\" value=\"\" size=\"40\" class=\"wpcf7-form-control wpcf7-text wpcf7-validates-as-required\" aria-required=\"true\" aria-invalid=\"false\" \/><\/span><\/div>\n<div class=\"fusion-one-half fusion-layout-column fusion-column-last fusion-spacing-yes\">Email<span class=\"wpcf7-form-control-wrap\" data-name=\"your-email\"><input type=\"email\" name=\"your-email\" value=\"\" size=\"40\" class=\"wpcf7-form-control wpcf7-text wpcf7-email wpcf7-validates-as-required wpcf7-validates-as-email\" aria-required=\"true\" aria-invalid=\"false\" \/><\/span><\/div>\n<div class=\"fusion-one-half fusion-layout-column fusion-spacing-yes\">Telefon<span class=\"wpcf7-form-control-wrap\" data-name=\"your-tel\"><input type=\"tel\" name=\"your-tel\" value=\"\" size=\"40\" class=\"wpcf7-form-control wpcf7-text wpcf7-tel wpcf7-validates-as-required wpcf7-validates-as-tel\" aria-required=\"true\" aria-invalid=\"false\" \/><\/span><\/div>\n<div class=\"fusion-one-half fusion-layout-column fusion-column-last fusion-spacing-yes\">Oda T\u00c3\u00bcr\u00c3\u00bc<span class=\"wpcf7-form-control-wrap\" data-name=\"menu-room\"><select name=\"menu-room\" class=\"wpcf7-form-control wpcf7-select wpcf7-validates-as-required\" aria-required=\"true\" aria-invalid=\"false\"><option value=\"\u00c3\u2021ift (ayr\u00c4\u00b1)\">\u00c3\u2021ift (ayr\u00c4\u00b1)<\/option><option value=\"\u00c3\u2021ift Ki\u00c5\u0178ilik\">\u00c3\u2021ift Ki\u00c5\u0178ilik<\/option><option value=\"\u00c3\u0153\u00c3\u00a7 Ki\u00c5\u0178ilik\">\u00c3\u0153\u00c3\u00a7 Ki\u00c5\u0178ilik<\/option><option value=\"Apart\">Apart<\/option><\/select><\/span><\/div>\n<p><b>TRANSFER GEREKL\u00c4\u00b0 M\u00c4\u00b0?<\/b> <span class=\"wpcf7-form-control-wrap\" data-name=\"radio-transfer\"><span class=\"wpcf7-form-control wpcf7-radio\"><span class=\"wpcf7-list-item first\"><input type=\"radio\" name=\"radio-transfer\" value=\"Hay\u00c4\u00b1r\" checked=\"checked\" \/><span class=\"wpcf7-list-item-label\">Hay\u00c4\u00b1r<\/span><\/span><span class=\"wpcf7-list-item last\"><input type=\"radio\" name=\"radio-transfer\" value=\"Evet\" \/><span class=\"wpcf7-list-item-label\">Evet<\/span><\/span><\/span><\/span><\/p>\n<p><b>TRANSFER \u00c3\u0153CRETLER\u00c4\u00b0 A\u00c5\u017eA\u00c4\u017eIDADIR;<br \/>\n1-2 ki\u00c5\u0178i 70 \u00c2\u00a3 (gidi\u00c5\u0178-geli\u00c5\u0178)<br \/>\n3-4 ki\u00c5\u0178i 80 \u00c2\u00a3 (gidi\u00c5\u0178-geli\u00c5\u0178)<br \/>\n5-6 ki\u00c5\u0178i 90 \u00c2\u00a3 (gidi\u00c5\u0178-geli\u00c5\u0178)<br \/>\n7 ve \u00c3\u0153zeri ki\u00c5\u0178i say\u00c4\u00b1s\u00c4\u00b1 i\u00c3\u00a7in l\u00c3\u00bctfen fiyat sorunuz.<\/b><\/p>\n<p>Mesaj\u00c4\u00b1n\u00c4\u00b1z <span class=\"wpcf7-form-control-wrap\" data-name=\"your-message\"><textarea name=\"your-message\" cols=\"40\" rows=\"10\" class=\"wpcf7-form-control wpcf7-textarea\" aria-invalid=\"false\"><\/textarea><\/span><\/p>\n<p><input type=\"submit\" value=\"G\u00c3\u00b6nder\" class=\"wpcf7-form-control has-spinner wpcf7-submit\" \/><\/p>\n<p style=\"display: none !important;\"><label>&#916;<textarea name=\"_wpcf7_ak_hp_textarea\" cols=\"45\" rows=\"8\" maxlength=\"100\"><\/textarea><\/label><input type=\"hidden\" id=\"ak_js\" name=\"_wpcf7_ak_js\" value=\"13\"\/><script>document.getElementById( \"ak_js\" ).setAttribute( \"value\", ( new Date() ).getTime() );<\/script><\/p><input type='hidden' class='wpcf7-pum' value='{\"closepopup\":false,\"closedelay\":0,\"openpopup\":false,\"openpopup_id\":0}' \/><div class=\"fusion-alert alert custom alert-custom fusion-alert-center wpcf7-response-output alert-dismissable\" role=\"alert\" style=\"border-width:1px;\"><div class=\"fusion-alert-content-wrapper\"><span class=\"fusion-alert-content\"><\/span><\/div><button type=\"button\" class=\"close toggle-alert\" data-dismiss=\"alert\" aria-label=\"Close\">&times;<\/button><\/div><\/form><\/div><div class=\"fusion-clearfix\"><\/div><\/div><\/div><\/div><\/div>\n","protected":false},"excerpt":{"rendered":"","protected":false},"author":1,"featured_media":0,"parent":0,"menu_order":0,"comment_status":"closed","ping_status":"closed","template":"100-width.php","meta":[],"_links":{"self":[{"href":"https:\/\/oykunhotel.com\/index.php?rest_route=\/wp\/v2\/pages\/2310"}],"collection":[{"href":"https:\/\/oykunhotel.com\/index.php?rest_route=\/wp\/v2\/pages"}],"about":[{"href":"https:\/\/oykunhotel.com\/index.php?rest_route=\/wp\/v2\/types\/page"}],"author":[{"embeddable":true,"href":"https:\/\/oykunhotel.com\/index.php?rest_route=\/wp\/v2\/users\/1"}],"replies":[{"embeddable":true,"href":"https:\/\/oykunhotel.com\/index.php?rest_route=%2Fwp%2Fv2%2Fcomments&post=2310"}],"version-history":[{"count":0,"href":"https:\/\/oykunhotel.com\/index.php?rest_route=\/wp\/v2\/pages\/2310\/revisions"}],"wp:attachment":[{"href":"https:\/\/oykunhotel.com\/index.php?rest_route=%2Fwp%2Fv2%2Fmedia&parent=2310"}],"curies":[{"name":"wp","href":"https:\/\/api.w.org\/{rel}","templated":true}]}}