{"id":2370,"date":"2016-06-15T22:17:36","date_gmt":"2016-06-15T19:17:36","guid":{"rendered":"http:\/\/oykunhotel.com\/?page_id=2370"},"modified":"2017-02-20T09:59:50","modified_gmt":"2017-02-20T07:59:50","slug":"green-bowling","status":"publish","type":"page","link":"https:\/\/oykunhotel.com\/?page_id=2370&lang=tr","title":{"rendered":"Green Bowling"},"content":{"rendered":"<p><div class=\"fusion-fullwidth fullwidth-box fusion-builder-row-1 nonhundred-percent-fullwidth non-hundred-percent-height-scrolling\" style=\"background-color: rgba(255,255,255,0);background-position: left top;background-repeat: no-repeat;padding-top:30px;padding-right:0px;padding-bottom:0px;padding-left:0px;margin-bottom: 0px;margin-top: 0px;border-width: 0px 0px 0px 0px;border-color:#eae9e9;border-style:solid;\" ><div class=\"fusion-builder-row fusion-row\"><div class=\"fusion-layout-column fusion_builder_column fusion-builder-column-0 fusion_builder_column_1_3 1_3 fusion-one-third fusion-column-first\" style=\"width:30.6666%; margin-right: 4%;margin-top:0px;margin-bottom:20px;\"><div class=\"fusion-column-wrapper fusion-flex-column-wrapper-legacy\" style=\"background-position:right bottom;background-repeat:no-repeat;-webkit-background-size:cover;-moz-background-size:cover;-o-background-size:cover;background-size:cover;padding: 0px 0px 0px 0px;\"><div class=\"fusion-text fusion-text-1\"><p style=\"letter-spacing: 4px; font-size: 13px; margin-bottom: 0px;\">OYKUN HOTEL<\/p>\n<h1>Green Bowling<\/h1>\n<\/div><div class=\"fusion-sep-clear\"><\/div><div class=\"fusion-separator fusion-clearfix\" style=\"float:left;margin-top:0px;margin-bottom:20px;width:100%;max-width:50px;\"><div class=\"fusion-separator-border sep-single sep-solid\" style=\"border-color:#cbaa5c;border-top-width:1px;\"><\/div><\/div><div class=\"fusion-sep-clear\"><\/div><div class=\"fusion-text fusion-text-2\"><p style=\"text-align: center;\">T\u00c3\u00bcrkiye\u00e2\u20ac\u2122de ki ilk ye\u00c5\u0178il zemin bowling sahas\u00c4\u00b1. T\u00c3\u00bcm y\u00c4\u00b1l\u00c4\u00b1 bowling kl\u00c3\u00bcpleri i\u00c3\u00a7in a\u00c3\u00a7\u00c4\u00b1kt\u00c4\u00b1r.<\/p>\n<p style=\"text-align: center;\"><strong>Daha fazla bilgi i\u00c3\u00a7in bizimle <a href=\"\/?page_id=2306&amp;lang=tr\">ileti\u00c5\u0178ime<\/a> ge\u00c3\u00a7in.<\/strong><\/p>\n<\/div><div class=\"fusion-clearfix\"><\/div><\/div><\/div><div class=\"fusion-layout-column fusion_builder_column fusion-builder-column-1 fusion_builder_column_2_3 2_3 fusion-two-third fusion-column-last\" style=\"width:65.3333%;margin-top:0px;margin-bottom:20px;\"><div class=\"fusion-column-wrapper fusion-flex-column-wrapper-legacy\" style=\"background-position:right center;background-repeat:no-repeat;-webkit-background-size:cover;-moz-background-size:cover;-o-background-size:cover;background-size:cover;background-color:#f4f6f8;border:1px solid #f4f6f8;padding: 20px;\"><div class=\"fusion-image-carousel fusion-image-carousel-auto fusion-image-carousel-1 lightbox-enabled\"><div class=\"fusion-carousel\" data-autoplay=\"yes\" data-columns=\"1\" data-itemmargin=\"13\" data-itemwidth=\"180\" data-touchscroll=\"no\" data-imagesize=\"auto\" data-scrollitems=\"1\"><div class=\"fusion-carousel-positioner\"><ul class=\"fusion-carousel-holder\"><li class=\"fusion-carousel-item\"><div class=\"fusion-carousel-item-wrapper\"><div class=\"fusion-image-wrapper hover-type-none\"><a data-rel=\"iLightbox[image_carousel_1]\" href=\"http:\/\/oykunhotel.com\/wp-content\/uploads\/2016\/03\/bowling.jpg\" target=\"_self\"><img src=\"http:\/\/oykunhotel.com\/wp-content\/uploads\/2016\/03\/bowling.jpg\" alt=\"\"\/><\/a><\/div><\/div><\/li><li class=\"fusion-carousel-item\"><div class=\"fusion-carousel-item-wrapper\"><div class=\"fusion-image-wrapper hover-type-none\"><a data-rel=\"iLightbox[image_carousel_1]\" href=\"http:\/\/oykunhotel.com\/wp-content\/uploads\/2016\/03\/bowling-2.jpg\" target=\"_self\"><img src=\"http:\/\/oykunhotel.com\/wp-content\/uploads\/2016\/03\/bowling-2.jpg\" alt=\"\"\/><\/a><\/div><\/div><\/li><li class=\"fusion-carousel-item\"><div class=\"fusion-carousel-item-wrapper\"><div class=\"fusion-image-wrapper hover-type-none\"><a data-rel=\"iLightbox[image_carousel_1]\" href=\"http:\/\/oykunhotel.com\/wp-content\/uploads\/2016\/03\/bowling-3.jpg\" target=\"_self\"><img src=\"http:\/\/oykunhotel.com\/wp-content\/uploads\/2016\/03\/bowling-3.jpg\" alt=\"\"\/><\/a><\/div><\/div><\/li><li class=\"fusion-carousel-item\"><div class=\"fusion-carousel-item-wrapper\"><div class=\"fusion-image-wrapper hover-type-none\"><a data-rel=\"iLightbox[image_carousel_1]\" href=\"http:\/\/oykunhotel.com\/wp-content\/uploads\/2016\/03\/bowling-4.jpg\" target=\"_self\"><img src=\"http:\/\/oykunhotel.com\/wp-content\/uploads\/2016\/03\/bowling-4.jpg\" alt=\"\"\/><\/a><\/div><\/div><\/li><li class=\"fusion-carousel-item\"><div class=\"fusion-carousel-item-wrapper\"><div class=\"fusion-image-wrapper hover-type-none\"><a data-rel=\"iLightbox[image_carousel_1]\" href=\"http:\/\/oykunhotel.com\/wp-content\/uploads\/2016\/03\/bowling-5.jpg\" target=\"_self\"><img src=\"http:\/\/oykunhotel.com\/wp-content\/uploads\/2016\/03\/bowling-5.jpg\" alt=\"\"\/><\/a><\/div><\/div><\/li><li class=\"fusion-carousel-item\"><div class=\"fusion-carousel-item-wrapper\"><div class=\"fusion-image-wrapper hover-type-none\"><a data-rel=\"iLightbox[image_carousel_1]\" href=\"http:\/\/oykunhotel.com\/wp-content\/uploads\/2016\/03\/bowling-6.jpg\" target=\"_self\"><img src=\"http:\/\/oykunhotel.com\/wp-content\/uploads\/2016\/03\/bowling-6.jpg\" alt=\"\"\/><\/a><\/div><\/div><\/li><\/ul><div class=\"fusion-carousel-nav\"><button class=\"fusion-nav-prev awb-icon-left\" aria-label=\"\u00d6nceki\"><\/button><button class=\"fusion-nav-next awb-icon-right\" aria-label=\"Sonraki\"><\/button><\/div><\/div><\/div><\/div><div class=\"fusion-clearfix\"><\/div><\/div><\/div><\/div><\/div><div class=\"fusion-fullwidth fullwidth-box fusion-builder-row-2 fusion-parallax-none nonhundred-percent-fullwidth non-hundred-percent-height-scrolling\" style=\"background-color: rgba(255,255,255,0);background-image: url(&quot;http:\/\/oykunhotel.com\/wp-content\/uploads\/2015\/01\/green-bowling-back.jpg&quot;);background-position: center top;background-repeat: no-repeat;padding-top:30px;padding-right:0px;padding-bottom:100px;padding-left:0px;margin-bottom: 0px;margin-top: 0px;border-width: 0px 0px 0px 0px;border-color:#eae9e9;border-style:solid;-webkit-background-size:cover;-moz-background-size:cover;-o-background-size:cover;background-size:cover;\" ><div class=\"fusion-builder-row fusion-row\"><div class=\"fusion-layout-column fusion_builder_column fusion-builder-column-2 fusion_builder_column_1_1 1_1 fusion-one-full fusion-column-first fusion-column-last fusion-column-no-min-height\" style=\"margin-top:0px;margin-bottom:0px;\"><div class=\"fusion-column-wrapper fusion-flex-column-wrapper-legacy\" style=\"background-position:left top;background-repeat:no-repeat;-webkit-background-size:cover;-moz-background-size:cover;-o-background-size:cover;background-size:cover;padding: 0px 0px 0px 0px;\"><div class=\"fusion-text fusion-text-3\"><p style=\"letter-spacing: 4px; font-size: 13px; margin-bottom: 0px; text-align: center;\">BOWLING<\/p>\n<h1 style=\"text-align: center;\">Referanslar\u00c4\u00b1m\u00c4\u00b1z<\/h1>\n<\/div><div class=\"fusion-sep-clear\"><\/div><div class=\"fusion-separator\" style=\"margin-left: auto;margin-right: auto;margin-top:0px;margin-bottom:20px;width:100%;max-width:50px;\"><div class=\"fusion-separator-border sep-single sep-solid\" style=\"border-color:#cbaa5c;border-top-width:1px;\"><\/div><\/div><div class=\"fusion-sep-clear\"><\/div><div class=\"fusion-text fusion-text-4\"><p style=\"text-align: center;\">BRADFILES BOWLING CLUB<br \/>\nContact for information Mr.Frank Elliott<br \/>\n<strong>Email :<\/strong> <a href=\"mailto:frank.elliott@sky.com\">frank.elliott@sky.com<\/a><\/p>\n<p style=\"text-align: center;\">DRIFFIELD BOWLING CLUB<br \/>\nKINGSTON BOWLING CLUB<br \/>\nWESTPARK BOWLING CLUB<br \/>\nYORK RAILWAYS INSTITUTE<br \/>\nBowling directors Mr.Dave&amp;Mrs Maureen HODSON.<br \/>\n<strong>Email :<\/strong> <a href=\"mailto:dmhodson@tiscali.co.uk\">dmhodson@tiscali.co.uk<\/a><\/p>\n<\/div><div class=\"fusion-text fusion-text-5\"><h3 style=\"text-align: center;\">OUR GREEN SURFACE\u00c2\u00a0 IMPORTED FROM UK\u00c2\u00a0DONE BY DALES SPORTS SURFACE UK. 2010 JULY.\u00c2\u00a0PROFESSIONAL AND CERTIFICATED\u00c2\u00a0 BOWLING GREEN<\/h3>\n<\/div><div class=\"fusion-clearfix\"><\/div><\/div><\/div><\/div><\/div><\/p>\n","protected":false},"excerpt":{"rendered":"","protected":false},"author":1,"featured_media":0,"parent":0,"menu_order":0,"comment_status":"closed","ping_status":"closed","template":"100-width.php","meta":[],"_links":{"self":[{"href":"https:\/\/oykunhotel.com\/index.php?rest_route=\/wp\/v2\/pages\/2370"}],"collection":[{"href":"https:\/\/oykunhotel.com\/index.php?rest_route=\/wp\/v2\/pages"}],"about":[{"href":"https:\/\/oykunhotel.com\/index.php?rest_route=\/wp\/v2\/types\/page"}],"author":[{"embeddable":true,"href":"https:\/\/oykunhotel.com\/index.php?rest_route=\/wp\/v2\/users\/1"}],"replies":[{"embeddable":true,"href":"https:\/\/oykunhotel.com\/index.php?rest_route=%2Fwp%2Fv2%2Fcomments&post=2370"}],"version-history":[{"count":0,"href":"https:\/\/oykunhotel.com\/index.php?rest_route=\/wp\/v2\/pages\/2370\/revisions"}],"wp:attachment":[{"href":"https:\/\/oykunhotel.com\/index.php?rest_route=%2Fwp%2Fv2%2Fmedia&parent=2370"}],"curies":[{"name":"wp","href":"https:\/\/api.w.org\/{rel}","templated":true}]}}